{"id":3871,"date":"2018-01-20T12:40:01","date_gmt":"2018-01-20T15:40:01","guid":{"rendered":"http:\/\/www.mundoacuicola.cl\/new\/?page_id=3871"},"modified":"2018-06-17T21:02:39","modified_gmt":"2018-06-18T00:02:39","slug":"quienes-somos","status":"publish","type":"page","link":"https:\/\/www.mundoagropecuario.cl\/new\/quienes-somos\/","title":{"rendered":"Quienes Somos"},"content":{"rendered":"<p>Mundo Agropecuario es un portal especializado del sector agropecuario, con informaci\u00f3n de noticias, art\u00edculos, reportajes y entrevistas de las principales \u00e1reas productivas del sector, tales como: agricultura, ganader\u00eda, l\u00e1cteos, av\u00edcola, forestal, entre otras.<\/p>\n<p>La plataforma <a href=\"http:\/\/www.mundoagropecuario.cl\">www.mundoagropecuario.cl<\/a> pertenece a Sociedad Medios Comunicaciones Ltda, empresa tambi\u00e9n propietaria de Mundo Acu\u00edcola, con casa matriz en la ciudad de Puerto Montt, D\u00e9cima Regi\u00f3n de Los Lagos, Chile.<\/p>\n<p>Mundoagropecuario.cl incorpora una serie de innovaciones tecnol\u00f3gicas, un moderno dise\u00f1o gr\u00e1fico proporcional y una constante interacci\u00f3n con nuestros usuarios a trav\u00e9s de las notas period\u00edsticas publicadas en el portal y replicadas en las redes sociales.<\/p>\n<p>A trav\u00e9s de www.mundoagropecuario.cl usted podr\u00e1 encontrar una amplia gama de informaci\u00f3n relacionada con el sector agropecuario en general, tanto de Chile, Latinoam\u00e9rica y el mundo.<\/p>\n<p>Este medio digital representa un valioso aporte al desarrollo de la actividad agropecuaria y es el nexo entre los distintos actores involucrados en el desempe\u00f1o de la actividad agr\u00edcola y ganadera, tanto de Chile como de los dem\u00e1s pa\u00edses de Latinoam\u00e9rica. \u00a0Este portal es capaz de otorgar a los usuarios una serie de herramientas necesarias en el quehacer de sus actividades productivas, entregando informaci\u00f3n a trav\u00e9s de todos los formatos disponibles en un medio digital, tales como videos, audio, infograf\u00edas, gr\u00e1ficos e im\u00e1genes.<\/p>\n<p>Los invitamos a disfrutar de esta moderna plataforma, la cual incorpora tecnolog\u00eda de punta, permite compartir y comentar notas y noticias en todas las plataformas de redes sociales.<\/p>\n<p>Le damos la bienvenida a este portal Agropecuario y esperamos que visiten nuestra plataforma de manera permanente.<\/p>\n<p><strong><span style=\"color: #008000;\">Staff plataforma Mundo Agropecuario<\/span><\/strong><\/p>\n<table style=\"height: 776px;\" border=\"0\" width=\"821\" cellspacing=\"2\" cellpadding=\"0\">\n<tbody>\n<tr>\n<td width=\"49%\" height=\"16\">\n<p class=\"Formularios\"><span class=\"menus\" style=\"color: #000000;\">DIRECTOR<\/span><\/p>\n<\/td>\n<td width=\"51%\"><span class=\"Formularios\" style=\"color: #000000;\"><span class=\"menus\">ASISTENTES COMERCIALES<\/span><\/span><\/td>\n<\/tr>\n<tr>\n<td height=\"27\"><span class=\"Formularios\" style=\"color: #000000;\"><img loading=\"lazy\" decoding=\"async\" src=\"http:\/\/www.mundoacuicola.cl\/noticias\/FotosEquipoMundo\/Claudio.JPG\" width=\"150\" height=\"100\" \/><br \/>\nClaudio Berkhoff A.<br \/>\ncberkhoff@mundoagropecuario.cl<br \/>\n<\/span><\/td>\n<td width=\"51%\"><span style=\"color: #000000;\"><img loading=\"lazy\" decoding=\"async\" src=\"http:\/\/www.mundoacuicola.cl\/noticias\/FotosEquipoMundo\/Kathy.jpg\" width=\"150\" height=\"100\" \/><span class=\"Formularios\"><br \/>\nKatherine Silva, e<\/span><\/span><span style=\"color: #000000;\"><span class=\"Formularios\">jecutiva Comercial<br \/>\nksilva@mundoagropecuario.cl<\/span><\/span><\/p>\n<p><span style=\"color: #000000;\"><span class=\"Formularios\">Erwin Berkhoff M, Ejecutivo Comercial<br \/>\neberkhoff@mundoagropecuario.cl<\/span><\/span><\/td>\n<\/tr>\n<tr>\n<td>\n<p class=\"Formularios\">\n<\/td>\n<td><\/td>\n<\/tr>\n<tr>\n<td><span class=\"menus\" style=\"color: #000000;\">PERIODISTAS<\/span><\/td>\n<td><span class=\"menus\" style=\"color: #000000;\">CORRECTOR DE PRUEBAS<\/span><\/td>\n<\/tr>\n<tr>\n<td valign=\"top\">\n<p class=\"Formularios\"><span style=\"color: #000000;\"><img loading=\"lazy\" decoding=\"async\" src=\"http:\/\/www.mundoacuicola.cl\/noticias\/FotosEquipoMundo\/Pedro.jpg\" width=\"150\" height=\"100\" \/><\/span><\/p>\n<p class=\"Formularios\"><span style=\"color: #000000;\">Cristian Alvial G.<br \/>\nprensamundoagropecuario@gmail.com<\/span><\/p>\n<p class=\"Formularios\"><span style=\"color: #000000;\">Pedro Barra L.<\/span><br \/>\n<span style=\"color: #000000;\"> pbarra@mundoagropecuario.cl<\/span><\/p>\n<\/td>\n<td class=\"Formularios\" align=\"left\" valign=\"top\"><span style=\"color: #000000;\"><img loading=\"lazy\" decoding=\"async\" src=\"http:\/\/www.mundoacuicola.cl\/noticias\/FotosEquipoMundo\/hilda.jpg\" width=\"150\" height=\"100\" \/><\/span><br \/>\n<span style=\"color: #000000;\"> Hilda Montecinos<\/span><\/td>\n<\/tr>\n<tr>\n<td><\/td>\n<td><\/td>\n<\/tr>\n<tr>\n<td valign=\"top\" height=\"15\"><span class=\"Destacados\" style=\"color: #000000;\">DISE\u00d1O<\/span><\/td>\n<\/tr>\n<tr>\n<td class=\"Formularios\" valign=\"top\"><span style=\"color: #000000;\"><img loading=\"lazy\" decoding=\"async\" src=\"https:\/\/www.mundoagropecuario.cl\/FotosEquipoMundo\/pablo.JPG\" width=\"150\" height=\"100\" \/><\/span><br \/>\n<span style=\"color: #000000;\"> Pablo Vera<\/span><br \/>\n<span style=\"color: #000000;\">info@mundoagropecuario.cl<\/span><\/td>\n<\/tr>\n<\/tbody>\n<\/table>\n","protected":false},"excerpt":{"rendered":"<p>Mundo Agropecuario es un portal especializado del sector agropecuario, con informaci\u00f3n de noticias, art\u00edculos, reportajes y entrevistas de las principales \u00e1reas productivas del sector, tales como: agricultura, ganader\u00eda, l\u00e1cteos, av\u00edcola,&#8230;<\/p>\n","protected":false},"author":1,"featured_media":0,"parent":0,"menu_order":0,"comment_status":"closed","ping_status":"closed","template":"","meta":{"footnotes":""},"class_list":["post-3871","page","type-page","status-publish","hentry"],"yoast_head":"<!-- This site is optimized with the Yoast SEO plugin v26.6 - https:\/\/yoast.com\/wordpress\/plugins\/seo\/ -->\n<title>Quienes Somos - Mundoagropecuario<\/title>\n<meta name=\"robots\" content=\"index, follow, max-snippet:-1, max-image-preview:large, max-video-preview:-1\" \/>\n<link rel=\"canonical\" href=\"https:\/\/www.mundoagropecuario.cl\/new\/quienes-somos\/\" \/>\n<meta property=\"og:locale\" content=\"es_ES\" \/>\n<meta property=\"og:type\" content=\"article\" \/>\n<meta property=\"og:title\" content=\"Quienes Somos - Mundoagropecuario\" \/>\n<meta property=\"og:description\" content=\"Mundo Agropecuario es un portal especializado del sector agropecuario, con informaci\u00f3n de noticias, art\u00edculos, reportajes y entrevistas de las principales \u00e1reas productivas del sector, tales como: agricultura, ganader\u00eda, l\u00e1cteos, av\u00edcola,...\" \/>\n<meta property=\"og:url\" content=\"https:\/\/www.mundoagropecuario.cl\/new\/quienes-somos\/\" \/>\n<meta property=\"og:site_name\" content=\"Mundoagropecuario\" \/>\n<meta property=\"article:publisher\" content=\"https:\/\/www.facebook.com\/mundo.agropecuario.3\" \/>\n<meta property=\"article:modified_time\" content=\"2018-06-18T00:02:39+00:00\" \/>\n<meta property=\"og:image\" content=\"http:\/\/www.mundoacuicola.cl\/noticias\/FotosEquipoMundo\/Claudio.JPG\" \/>\n<meta name=\"twitter:card\" content=\"summary_large_image\" \/>\n<meta name=\"twitter:site\" content=\"@MundoAgropecuar\" \/>\n<meta name=\"twitter:label1\" content=\"Tiempo de lectura\" \/>\n\t<meta name=\"twitter:data1\" content=\"2 minutos\" \/>\n<script type=\"application\/ld+json\" class=\"yoast-schema-graph\">{\"@context\":\"https:\/\/schema.org\",\"@graph\":[{\"@type\":\"WebPage\",\"@id\":\"https:\/\/www.mundoagropecuario.cl\/new\/quienes-somos\/\",\"url\":\"https:\/\/www.mundoagropecuario.cl\/new\/quienes-somos\/\",\"name\":\"Quienes Somos - Mundoagropecuario\",\"isPartOf\":{\"@id\":\"https:\/\/www.mundoagropecuario.cl\/new\/#website\"},\"primaryImageOfPage\":{\"@id\":\"https:\/\/www.mundoagropecuario.cl\/new\/quienes-somos\/#primaryimage\"},\"image\":{\"@id\":\"https:\/\/www.mundoagropecuario.cl\/new\/quienes-somos\/#primaryimage\"},\"thumbnailUrl\":\"http:\/\/www.mundoacuicola.cl\/noticias\/FotosEquipoMundo\/Claudio.JPG\",\"datePublished\":\"2018-01-20T15:40:01+00:00\",\"dateModified\":\"2018-06-18T00:02:39+00:00\",\"breadcrumb\":{\"@id\":\"https:\/\/www.mundoagropecuario.cl\/new\/quienes-somos\/#breadcrumb\"},\"inLanguage\":\"es\",\"potentialAction\":[{\"@type\":\"ReadAction\",\"target\":[\"https:\/\/www.mundoagropecuario.cl\/new\/quienes-somos\/\"]}]},{\"@type\":\"ImageObject\",\"inLanguage\":\"es\",\"@id\":\"https:\/\/www.mundoagropecuario.cl\/new\/quienes-somos\/#primaryimage\",\"url\":\"http:\/\/www.mundoacuicola.cl\/noticias\/FotosEquipoMundo\/Claudio.JPG\",\"contentUrl\":\"http:\/\/www.mundoacuicola.cl\/noticias\/FotosEquipoMundo\/Claudio.JPG\"},{\"@type\":\"BreadcrumbList\",\"@id\":\"https:\/\/www.mundoagropecuario.cl\/new\/quienes-somos\/#breadcrumb\",\"itemListElement\":[{\"@type\":\"ListItem\",\"position\":1,\"name\":\"Portada\",\"item\":\"https:\/\/www.mundoagropecuario.cl\/new\/\"},{\"@type\":\"ListItem\",\"position\":2,\"name\":\"Quienes Somos\"}]},{\"@type\":\"WebSite\",\"@id\":\"https:\/\/www.mundoagropecuario.cl\/new\/#website\",\"url\":\"https:\/\/www.mundoagropecuario.cl\/new\/\",\"name\":\"Mundoagropecuario\",\"description\":\"Mundo Agropecuario\",\"publisher\":{\"@id\":\"https:\/\/www.mundoagropecuario.cl\/new\/#organization\"},\"potentialAction\":[{\"@type\":\"SearchAction\",\"target\":{\"@type\":\"EntryPoint\",\"urlTemplate\":\"https:\/\/www.mundoagropecuario.cl\/new\/?s={search_term_string}\"},\"query-input\":{\"@type\":\"PropertyValueSpecification\",\"valueRequired\":true,\"valueName\":\"search_term_string\"}}],\"inLanguage\":\"es\"},{\"@type\":\"Organization\",\"@id\":\"https:\/\/www.mundoagropecuario.cl\/new\/#organization\",\"name\":\"Revista de Agricultura\",\"url\":\"https:\/\/www.mundoagropecuario.cl\/new\/\",\"logo\":{\"@type\":\"ImageObject\",\"inLanguage\":\"es\",\"@id\":\"https:\/\/www.mundoagropecuario.cl\/new\/#\/schema\/logo\/image\/\",\"url\":\"https:\/\/www.mundoagropecuario.cl\/new\/wp-content\/uploads\/2020\/11\/PORTAL-1-1.png\",\"contentUrl\":\"https:\/\/www.mundoagropecuario.cl\/new\/wp-content\/uploads\/2020\/11\/PORTAL-1-1.png\",\"width\":1026,\"height\":100,\"caption\":\"Revista de Agricultura\"},\"image\":{\"@id\":\"https:\/\/www.mundoagropecuario.cl\/new\/#\/schema\/logo\/image\/\"},\"sameAs\":[\"https:\/\/www.facebook.com\/mundo.agropecuario.3\",\"https:\/\/x.com\/MundoAgropecuar\",\"https:\/\/www.linkedin.com\/in\/mundo-agropecuario-934009201\/\"]}]}<\/script>\n<!-- \/ Yoast SEO plugin. -->","yoast_head_json":{"title":"Quienes Somos - Mundoagropecuario","robots":{"index":"index","follow":"follow","max-snippet":"max-snippet:-1","max-image-preview":"max-image-preview:large","max-video-preview":"max-video-preview:-1"},"canonical":"https:\/\/www.mundoagropecuario.cl\/new\/quienes-somos\/","og_locale":"es_ES","og_type":"article","og_title":"Quienes Somos - Mundoagropecuario","og_description":"Mundo Agropecuario es un portal especializado del sector agropecuario, con informaci\u00f3n de noticias, art\u00edculos, reportajes y entrevistas de las principales \u00e1reas productivas del sector, tales como: agricultura, ganader\u00eda, l\u00e1cteos, av\u00edcola,...","og_url":"https:\/\/www.mundoagropecuario.cl\/new\/quienes-somos\/","og_site_name":"Mundoagropecuario","article_publisher":"https:\/\/www.facebook.com\/mundo.agropecuario.3","article_modified_time":"2018-06-18T00:02:39+00:00","og_image":[{"url":"http:\/\/www.mundoacuicola.cl\/noticias\/FotosEquipoMundo\/Claudio.JPG","type":"","width":"","height":""}],"twitter_card":"summary_large_image","twitter_site":"@MundoAgropecuar","twitter_misc":{"Tiempo de lectura":"2 minutos"},"schema":{"@context":"https:\/\/schema.org","@graph":[{"@type":"WebPage","@id":"https:\/\/www.mundoagropecuario.cl\/new\/quienes-somos\/","url":"https:\/\/www.mundoagropecuario.cl\/new\/quienes-somos\/","name":"Quienes Somos - Mundoagropecuario","isPartOf":{"@id":"https:\/\/www.mundoagropecuario.cl\/new\/#website"},"primaryImageOfPage":{"@id":"https:\/\/www.mundoagropecuario.cl\/new\/quienes-somos\/#primaryimage"},"image":{"@id":"https:\/\/www.mundoagropecuario.cl\/new\/quienes-somos\/#primaryimage"},"thumbnailUrl":"http:\/\/www.mundoacuicola.cl\/noticias\/FotosEquipoMundo\/Claudio.JPG","datePublished":"2018-01-20T15:40:01+00:00","dateModified":"2018-06-18T00:02:39+00:00","breadcrumb":{"@id":"https:\/\/www.mundoagropecuario.cl\/new\/quienes-somos\/#breadcrumb"},"inLanguage":"es","potentialAction":[{"@type":"ReadAction","target":["https:\/\/www.mundoagropecuario.cl\/new\/quienes-somos\/"]}]},{"@type":"ImageObject","inLanguage":"es","@id":"https:\/\/www.mundoagropecuario.cl\/new\/quienes-somos\/#primaryimage","url":"http:\/\/www.mundoacuicola.cl\/noticias\/FotosEquipoMundo\/Claudio.JPG","contentUrl":"http:\/\/www.mundoacuicola.cl\/noticias\/FotosEquipoMundo\/Claudio.JPG"},{"@type":"BreadcrumbList","@id":"https:\/\/www.mundoagropecuario.cl\/new\/quienes-somos\/#breadcrumb","itemListElement":[{"@type":"ListItem","position":1,"name":"Portada","item":"https:\/\/www.mundoagropecuario.cl\/new\/"},{"@type":"ListItem","position":2,"name":"Quienes Somos"}]},{"@type":"WebSite","@id":"https:\/\/www.mundoagropecuario.cl\/new\/#website","url":"https:\/\/www.mundoagropecuario.cl\/new\/","name":"Mundoagropecuario","description":"Mundo Agropecuario","publisher":{"@id":"https:\/\/www.mundoagropecuario.cl\/new\/#organization"},"potentialAction":[{"@type":"SearchAction","target":{"@type":"EntryPoint","urlTemplate":"https:\/\/www.mundoagropecuario.cl\/new\/?s={search_term_string}"},"query-input":{"@type":"PropertyValueSpecification","valueRequired":true,"valueName":"search_term_string"}}],"inLanguage":"es"},{"@type":"Organization","@id":"https:\/\/www.mundoagropecuario.cl\/new\/#organization","name":"Revista de Agricultura","url":"https:\/\/www.mundoagropecuario.cl\/new\/","logo":{"@type":"ImageObject","inLanguage":"es","@id":"https:\/\/www.mundoagropecuario.cl\/new\/#\/schema\/logo\/image\/","url":"https:\/\/www.mundoagropecuario.cl\/new\/wp-content\/uploads\/2020\/11\/PORTAL-1-1.png","contentUrl":"https:\/\/www.mundoagropecuario.cl\/new\/wp-content\/uploads\/2020\/11\/PORTAL-1-1.png","width":1026,"height":100,"caption":"Revista de Agricultura"},"image":{"@id":"https:\/\/www.mundoagropecuario.cl\/new\/#\/schema\/logo\/image\/"},"sameAs":["https:\/\/www.facebook.com\/mundo.agropecuario.3","https:\/\/x.com\/MundoAgropecuar","https:\/\/www.linkedin.com\/in\/mundo-agropecuario-934009201\/"]}]}},"_links":{"self":[{"href":"https:\/\/www.mundoagropecuario.cl\/new\/wp-json\/wp\/v2\/pages\/3871","targetHints":{"allow":["GET"]}}],"collection":[{"href":"https:\/\/www.mundoagropecuario.cl\/new\/wp-json\/wp\/v2\/pages"}],"about":[{"href":"https:\/\/www.mundoagropecuario.cl\/new\/wp-json\/wp\/v2\/types\/page"}],"author":[{"embeddable":true,"href":"https:\/\/www.mundoagropecuario.cl\/new\/wp-json\/wp\/v2\/users\/1"}],"replies":[{"embeddable":true,"href":"https:\/\/www.mundoagropecuario.cl\/new\/wp-json\/wp\/v2\/comments?post=3871"}],"version-history":[{"count":2,"href":"https:\/\/www.mundoagropecuario.cl\/new\/wp-json\/wp\/v2\/pages\/3871\/revisions"}],"predecessor-version":[{"id":7153,"href":"https:\/\/www.mundoagropecuario.cl\/new\/wp-json\/wp\/v2\/pages\/3871\/revisions\/7153"}],"wp:attachment":[{"href":"https:\/\/www.mundoagropecuario.cl\/new\/wp-json\/wp\/v2\/media?parent=3871"}],"curies":[{"name":"wp","href":"https:\/\/api.w.org\/{rel}","templated":true}]}}